{"id":20613,"date":"2026-04-30T11:53:58","date_gmt":"2026-04-30T11:53:58","guid":{"rendered":"https:\/\/foodlabelmaker.com\/?page_id=20613"},"modified":"2026-04-30T11:58:43","modified_gmt":"2026-04-30T11:58:43","slug":"logiciel-de-conformite-des-etiquettes-nutritionnelles-alimente-par-lia","status":"publish","type":"page","link":"https:\/\/foodlabelmaker.com\/fr-ca\/logiciel-de-conformite-des-etiquettes-nutritionnelles-alimente-par-lia\/","title":{"rendered":"Logiciel de conformit\u00e9 des \u00e9tiquettes nutritionnelles aliment\u00e9 par l\u2019IA"},"content":{"rendered":"","protected":false},"excerpt":{"rendered":"","protected":false},"author":1,"featured_media":0,"parent":0,"menu_order":0,"comment_status":"closed","ping_status":"closed","template":"page-templates\/template-flexible-content.php","meta":{"_acf_changed":false,"footnotes":""},"class_list":["post-20613","page","type-page","status-publish","hentry"],"acf":[],"yoast_head":"<!-- This site is optimized with the Yoast SEO Premium plugin v22.8 (Yoast SEO v27.3) - https:\/\/yoast.com\/product\/yoast-seo-premium-wordpress\/ -->\n<title>Logiciel de conformit\u00e9 aux \u00e9tiquettes nutritionnelles par IA | Fabricant d\u2019\u00e9tiquettes alimentaires<\/title>\n<meta name=\"description\" content=\"Automatisez l\u2019\u00e9tiquetage nutritionnel conforme avec RIA, le moteur r\u00e9glementaire IA de Food Label Maker. Analysez les sp\u00e9cifications des ingr\u00e9dients, construisez des recettes, v\u00e9rifiez les valeurs RACC et g\u00e9n\u00e9rez des \u00e9tiquettes pr\u00eates \u00e0 l\u2019audit. R\u00e9servez une d\u00e9mo.\" \/>\n<meta name=\"robots\" content=\"index, follow, max-snippet:-1, max-image-preview:large, max-video-preview:-1\" \/>\n<link rel=\"canonical\" href=\"https:\/\/foodlabelmaker.com\/fr-ca\/logiciel-de-conformite-des-etiquettes-nutritionnelles-alimente-par-lia\/\" \/>\n<meta property=\"og:locale\" content=\"fr_CA\" \/>\n<meta property=\"og:type\" content=\"article\" \/>\n<meta property=\"og:title\" content=\"Logiciel de conformit\u00e9 des \u00e9tiquettes nutritionnelles aliment\u00e9 par l\u2019IA\" \/>\n<meta property=\"og:description\" content=\"Automatisez l\u2019\u00e9tiquetage nutritionnel conforme avec RIA, le moteur r\u00e9glementaire IA de Food Label Maker. Analysez les sp\u00e9cifications des ingr\u00e9dients, construisez des recettes, v\u00e9rifiez les valeurs RACC et g\u00e9n\u00e9rez des \u00e9tiquettes pr\u00eates \u00e0 l\u2019audit. R\u00e9servez une d\u00e9mo.\" \/>\n<meta property=\"og:url\" content=\"https:\/\/foodlabelmaker.com\/fr-ca\/logiciel-de-conformite-des-etiquettes-nutritionnelles-alimente-par-lia\/\" \/>\n<meta property=\"og:site_name\" content=\"Food Label Maker\" \/>\n<meta property=\"article:publisher\" content=\"https:\/\/www.facebook.com\/foodlabelmaker\/\" \/>\n<meta property=\"article:modified_time\" content=\"2026-04-30T11:58:43+00:00\" \/>\n<meta property=\"og:image\" content=\"https:\/\/foodlabelmaker.com\/wp-content\/uploads\/2023\/10\/foodlabelmaker-preview-img.webp\" \/>\n\t<meta property=\"og:image:width\" content=\"1200\" \/>\n\t<meta property=\"og:image:height\" content=\"675\" \/>\n\t<meta property=\"og:image:type\" content=\"image\/webp\" \/>\n<meta name=\"twitter:card\" content=\"summary_large_image\" \/>\n<script type=\"application\/ld+json\" class=\"yoast-schema-graph\">{\"@context\":\"https:\\\/\\\/schema.org\",\"@graph\":[{\"@type\":\"WebPage\",\"@id\":\"https:\\\/\\\/foodlabelmaker.com\\\/fr-ca\\\/logiciel-de-conformite-des-etiquettes-nutritionnelles-alimente-par-lia\\\/\",\"url\":\"https:\\\/\\\/foodlabelmaker.com\\\/fr-ca\\\/logiciel-de-conformite-des-etiquettes-nutritionnelles-alimente-par-lia\\\/\",\"name\":\"Logiciel de conformit\u00e9 aux \u00e9tiquettes nutritionnelles par IA | Fabricant d\u2019\u00e9tiquettes alimentaires\",\"isPartOf\":{\"@id\":\"https:\\\/\\\/foodlabelmaker.com\\\/fr-ca\\\/#website\"},\"datePublished\":\"2026-04-30T11:53:58+00:00\",\"dateModified\":\"2026-04-30T11:58:43+00:00\",\"description\":\"Automatisez l\u2019\u00e9tiquetage nutritionnel conforme avec RIA, le moteur r\u00e9glementaire IA de Food Label Maker. Analysez les sp\u00e9cifications des ingr\u00e9dients, construisez des recettes, v\u00e9rifiez les valeurs RACC et g\u00e9n\u00e9rez des \u00e9tiquettes pr\u00eates \u00e0 l\u2019audit. R\u00e9servez une d\u00e9mo.\",\"breadcrumb\":{\"@id\":\"https:\\\/\\\/foodlabelmaker.com\\\/fr-ca\\\/logiciel-de-conformite-des-etiquettes-nutritionnelles-alimente-par-lia\\\/#breadcrumb\"},\"inLanguage\":\"fr-CA\",\"potentialAction\":[{\"@type\":\"ReadAction\",\"target\":[\"https:\\\/\\\/foodlabelmaker.com\\\/fr-ca\\\/logiciel-de-conformite-des-etiquettes-nutritionnelles-alimente-par-lia\\\/\"]}]},{\"@type\":\"BreadcrumbList\",\"@id\":\"https:\\\/\\\/foodlabelmaker.com\\\/fr-ca\\\/logiciel-de-conformite-des-etiquettes-nutritionnelles-alimente-par-lia\\\/#breadcrumb\",\"itemListElement\":[{\"@type\":\"ListItem\",\"position\":1,\"name\":\"Accueil\",\"item\":\"https:\\\/\\\/foodlabelmaker.com\\\/fr-ca\\\/\"},{\"@type\":\"ListItem\",\"position\":2,\"name\":\"Logiciel de conformit\u00e9 des \u00e9tiquettes nutritionnelles aliment\u00e9 par l\u2019IA\"}]},{\"@type\":\"WebSite\",\"@id\":\"https:\\\/\\\/foodlabelmaker.com\\\/fr-ca\\\/#website\",\"url\":\"https:\\\/\\\/foodlabelmaker.com\\\/fr-ca\\\/\",\"name\":\"Food Label Maker\",\"description\":\"\",\"potentialAction\":[{\"@type\":\"SearchAction\",\"target\":{\"@type\":\"EntryPoint\",\"urlTemplate\":\"https:\\\/\\\/foodlabelmaker.com\\\/fr-ca\\\/?s={search_term_string}\"},\"query-input\":{\"@type\":\"PropertyValueSpecification\",\"valueRequired\":true,\"valueName\":\"search_term_string\"}}],\"inLanguage\":\"fr-CA\"}]}<\/script>\n<!-- \/ Yoast SEO Premium plugin. -->","yoast_head_json":{"title":"Logiciel de conformit\u00e9 aux \u00e9tiquettes nutritionnelles par IA | Fabricant d\u2019\u00e9tiquettes alimentaires","description":"Automatisez l\u2019\u00e9tiquetage nutritionnel conforme avec RIA, le moteur r\u00e9glementaire IA de Food Label Maker. Analysez les sp\u00e9cifications des ingr\u00e9dients, construisez des recettes, v\u00e9rifiez les valeurs RACC et g\u00e9n\u00e9rez des \u00e9tiquettes pr\u00eates \u00e0 l\u2019audit. R\u00e9servez une d\u00e9mo.","robots":{"index":"index","follow":"follow","max-snippet":"max-snippet:-1","max-image-preview":"max-image-preview:large","max-video-preview":"max-video-preview:-1"},"canonical":"https:\/\/foodlabelmaker.com\/fr-ca\/logiciel-de-conformite-des-etiquettes-nutritionnelles-alimente-par-lia\/","og_locale":"fr_CA","og_type":"article","og_title":"Logiciel de conformit\u00e9 des \u00e9tiquettes nutritionnelles aliment\u00e9 par l\u2019IA","og_description":"Automatisez l\u2019\u00e9tiquetage nutritionnel conforme avec RIA, le moteur r\u00e9glementaire IA de Food Label Maker. Analysez les sp\u00e9cifications des ingr\u00e9dients, construisez des recettes, v\u00e9rifiez les valeurs RACC et g\u00e9n\u00e9rez des \u00e9tiquettes pr\u00eates \u00e0 l\u2019audit. R\u00e9servez une d\u00e9mo.","og_url":"https:\/\/foodlabelmaker.com\/fr-ca\/logiciel-de-conformite-des-etiquettes-nutritionnelles-alimente-par-lia\/","og_site_name":"Food Label Maker","article_publisher":"https:\/\/www.facebook.com\/foodlabelmaker\/","article_modified_time":"2026-04-30T11:58:43+00:00","og_image":[{"width":1200,"height":675,"url":"https:\/\/foodlabelmaker.com\/wp-content\/uploads\/2023\/10\/foodlabelmaker-preview-img.webp","type":"image\/webp"}],"twitter_card":"summary_large_image","schema":{"@context":"https:\/\/schema.org","@graph":[{"@type":"WebPage","@id":"https:\/\/foodlabelmaker.com\/fr-ca\/logiciel-de-conformite-des-etiquettes-nutritionnelles-alimente-par-lia\/","url":"https:\/\/foodlabelmaker.com\/fr-ca\/logiciel-de-conformite-des-etiquettes-nutritionnelles-alimente-par-lia\/","name":"Logiciel de conformit\u00e9 aux \u00e9tiquettes nutritionnelles par IA | Fabricant d\u2019\u00e9tiquettes alimentaires","isPartOf":{"@id":"https:\/\/foodlabelmaker.com\/fr-ca\/#website"},"datePublished":"2026-04-30T11:53:58+00:00","dateModified":"2026-04-30T11:58:43+00:00","description":"Automatisez l\u2019\u00e9tiquetage nutritionnel conforme avec RIA, le moteur r\u00e9glementaire IA de Food Label Maker. Analysez les sp\u00e9cifications des ingr\u00e9dients, construisez des recettes, v\u00e9rifiez les valeurs RACC et g\u00e9n\u00e9rez des \u00e9tiquettes pr\u00eates \u00e0 l\u2019audit. R\u00e9servez une d\u00e9mo.","breadcrumb":{"@id":"https:\/\/foodlabelmaker.com\/fr-ca\/logiciel-de-conformite-des-etiquettes-nutritionnelles-alimente-par-lia\/#breadcrumb"},"inLanguage":"fr-CA","potentialAction":[{"@type":"ReadAction","target":["https:\/\/foodlabelmaker.com\/fr-ca\/logiciel-de-conformite-des-etiquettes-nutritionnelles-alimente-par-lia\/"]}]},{"@type":"BreadcrumbList","@id":"https:\/\/foodlabelmaker.com\/fr-ca\/logiciel-de-conformite-des-etiquettes-nutritionnelles-alimente-par-lia\/#breadcrumb","itemListElement":[{"@type":"ListItem","position":1,"name":"Accueil","item":"https:\/\/foodlabelmaker.com\/fr-ca\/"},{"@type":"ListItem","position":2,"name":"Logiciel de conformit\u00e9 des \u00e9tiquettes nutritionnelles aliment\u00e9 par l\u2019IA"}]},{"@type":"WebSite","@id":"https:\/\/foodlabelmaker.com\/fr-ca\/#website","url":"https:\/\/foodlabelmaker.com\/fr-ca\/","name":"Food Label Maker","description":"","potentialAction":[{"@type":"SearchAction","target":{"@type":"EntryPoint","urlTemplate":"https:\/\/foodlabelmaker.com\/fr-ca\/?s={search_term_string}"},"query-input":{"@type":"PropertyValueSpecification","valueRequired":true,"valueName":"search_term_string"}}],"inLanguage":"fr-CA"}]}},"_links":{"self":[{"href":"https:\/\/foodlabelmaker.com\/fr-ca\/wp-json\/wp\/v2\/pages\/20613","targetHints":{"allow":["GET"]}}],"collection":[{"href":"https:\/\/foodlabelmaker.com\/fr-ca\/wp-json\/wp\/v2\/pages"}],"about":[{"href":"https:\/\/foodlabelmaker.com\/fr-ca\/wp-json\/wp\/v2\/types\/page"}],"author":[{"embeddable":true,"href":"https:\/\/foodlabelmaker.com\/fr-ca\/wp-json\/wp\/v2\/users\/1"}],"replies":[{"embeddable":true,"href":"https:\/\/foodlabelmaker.com\/fr-ca\/wp-json\/wp\/v2\/comments?post=20613"}],"version-history":[{"count":2,"href":"https:\/\/foodlabelmaker.com\/fr-ca\/wp-json\/wp\/v2\/pages\/20613\/revisions"}],"predecessor-version":[{"id":20626,"href":"https:\/\/foodlabelmaker.com\/fr-ca\/wp-json\/wp\/v2\/pages\/20613\/revisions\/20626"}],"wp:attachment":[{"href":"https:\/\/foodlabelmaker.com\/fr-ca\/wp-json\/wp\/v2\/media?parent=20613"}],"curies":[{"name":"wp","href":"https:\/\/api.w.org\/{rel}","templated":true}]}}