{"id":20044,"date":"2026-04-16T09:24:05","date_gmt":"2026-04-16T09:24:05","guid":{"rendered":"https:\/\/foodlabelmaker.com\/?page_id=20044"},"modified":"2026-04-16T09:27:22","modified_gmt":"2026-04-16T09:27:22","slug":"engager-expert-etiquetage-complements-alimentaires","status":"publish","type":"page","link":"https:\/\/foodlabelmaker.com\/fr-ca\/engager-expert-etiquetage-complements-alimentaires\/","title":{"rendered":"Engagez un expert en \u00e9tiquetage de suppl\u00e9ments"},"content":{"rendered":"","protected":false},"excerpt":{"rendered":"","protected":false},"author":1,"featured_media":0,"parent":0,"menu_order":0,"comment_status":"closed","ping_status":"closed","template":"page-templates\/template-flexible-content.php","meta":{"_acf_changed":false,"footnotes":""},"class_list":["post-20044","page","type-page","status-publish","hentry"],"acf":[],"yoast_head":"<!-- This site is optimized with the Yoast SEO Premium plugin v22.8 (Yoast SEO v27.3) - https:\/\/yoast.com\/product\/yoast-seo-premium-wordpress\/ -->\n<title>Engagez un expert en \u00e9tiquetage de suppl\u00e9ments | Panels de faits conformes \u00e0 la FDA<\/title>\n<meta name=\"description\" content=\"Obtenez des panels d\u2019informations sur les suppl\u00e9ments conformes \u00e0 la FDA aupr\u00e8s de nutritionnistes certifi\u00e9s. Nous traitons les formules, les d\u00e9clarations d\u2019ingr\u00e9dients et les allerg\u00e8nes pour assurer une pr\u00e9cision de 100% en 1 \u00e0 3 jours.\" \/>\n<meta name=\"robots\" content=\"index, follow, max-snippet:-1, max-image-preview:large, max-video-preview:-1\" \/>\n<link rel=\"canonical\" href=\"https:\/\/foodlabelmaker.com\/fr-ca\/engager-expert-etiquetage-complements-alimentaires\/\" \/>\n<meta property=\"og:locale\" content=\"fr_CA\" \/>\n<meta property=\"og:type\" content=\"article\" \/>\n<meta property=\"og:title\" content=\"Engagez un expert en \u00e9tiquetage de suppl\u00e9ments\" \/>\n<meta property=\"og:description\" content=\"Obtenez des panels d\u2019informations sur les suppl\u00e9ments conformes \u00e0 la FDA aupr\u00e8s de nutritionnistes certifi\u00e9s. Nous traitons les formules, les d\u00e9clarations d\u2019ingr\u00e9dients et les allerg\u00e8nes pour assurer une pr\u00e9cision de 100% en 1 \u00e0 3 jours.\" \/>\n<meta property=\"og:url\" content=\"https:\/\/foodlabelmaker.com\/fr-ca\/engager-expert-etiquetage-complements-alimentaires\/\" \/>\n<meta property=\"og:site_name\" content=\"Food Label Maker\" \/>\n<meta property=\"article:publisher\" content=\"https:\/\/www.facebook.com\/foodlabelmaker\/\" \/>\n<meta property=\"article:modified_time\" content=\"2026-04-16T09:27:22+00:00\" \/>\n<meta property=\"og:image\" content=\"https:\/\/foodlabelmaker.com\/wp-content\/uploads\/2023\/10\/foodlabelmaker-preview-img.webp\" \/>\n\t<meta property=\"og:image:width\" content=\"1200\" \/>\n\t<meta property=\"og:image:height\" content=\"675\" \/>\n\t<meta property=\"og:image:type\" content=\"image\/webp\" \/>\n<meta name=\"twitter:card\" content=\"summary_large_image\" \/>\n<script type=\"application\/ld+json\" class=\"yoast-schema-graph\">{\"@context\":\"https:\\\/\\\/schema.org\",\"@graph\":[{\"@type\":\"WebPage\",\"@id\":\"https:\\\/\\\/foodlabelmaker.com\\\/fr-ca\\\/engager-expert-etiquetage-complements-alimentaires\\\/\",\"url\":\"https:\\\/\\\/foodlabelmaker.com\\\/fr-ca\\\/engager-expert-etiquetage-complements-alimentaires\\\/\",\"name\":\"Engagez un expert en \u00e9tiquetage de suppl\u00e9ments | Panels de faits conformes \u00e0 la FDA\",\"isPartOf\":{\"@id\":\"https:\\\/\\\/foodlabelmaker.com\\\/fr-ca\\\/#website\"},\"datePublished\":\"2026-04-16T09:24:05+00:00\",\"dateModified\":\"2026-04-16T09:27:22+00:00\",\"description\":\"Obtenez des panels d\u2019informations sur les suppl\u00e9ments conformes \u00e0 la FDA aupr\u00e8s de nutritionnistes certifi\u00e9s. Nous traitons les formules, les d\u00e9clarations d\u2019ingr\u00e9dients et les allerg\u00e8nes pour assurer une pr\u00e9cision de 100% en 1 \u00e0 3 jours.\",\"breadcrumb\":{\"@id\":\"https:\\\/\\\/foodlabelmaker.com\\\/fr-ca\\\/engager-expert-etiquetage-complements-alimentaires\\\/#breadcrumb\"},\"inLanguage\":\"fr-CA\",\"potentialAction\":[{\"@type\":\"ReadAction\",\"target\":[\"https:\\\/\\\/foodlabelmaker.com\\\/fr-ca\\\/engager-expert-etiquetage-complements-alimentaires\\\/\"]}]},{\"@type\":\"BreadcrumbList\",\"@id\":\"https:\\\/\\\/foodlabelmaker.com\\\/fr-ca\\\/engager-expert-etiquetage-complements-alimentaires\\\/#breadcrumb\",\"itemListElement\":[{\"@type\":\"ListItem\",\"position\":1,\"name\":\"Accueil\",\"item\":\"https:\\\/\\\/foodlabelmaker.com\\\/fr-ca\\\/\"},{\"@type\":\"ListItem\",\"position\":2,\"name\":\"Engagez un expert en \u00e9tiquetage de suppl\u00e9ments\"}]},{\"@type\":\"WebSite\",\"@id\":\"https:\\\/\\\/foodlabelmaker.com\\\/fr-ca\\\/#website\",\"url\":\"https:\\\/\\\/foodlabelmaker.com\\\/fr-ca\\\/\",\"name\":\"Food Label Maker\",\"description\":\"\",\"potentialAction\":[{\"@type\":\"SearchAction\",\"target\":{\"@type\":\"EntryPoint\",\"urlTemplate\":\"https:\\\/\\\/foodlabelmaker.com\\\/fr-ca\\\/?s={search_term_string}\"},\"query-input\":{\"@type\":\"PropertyValueSpecification\",\"valueRequired\":true,\"valueName\":\"search_term_string\"}}],\"inLanguage\":\"fr-CA\"}]}<\/script>\n<!-- \/ Yoast SEO Premium plugin. -->","yoast_head_json":{"title":"Engagez un expert en \u00e9tiquetage de suppl\u00e9ments | Panels de faits conformes \u00e0 la FDA","description":"Obtenez des panels d\u2019informations sur les suppl\u00e9ments conformes \u00e0 la FDA aupr\u00e8s de nutritionnistes certifi\u00e9s. Nous traitons les formules, les d\u00e9clarations d\u2019ingr\u00e9dients et les allerg\u00e8nes pour assurer une pr\u00e9cision de 100% en 1 \u00e0 3 jours.","robots":{"index":"index","follow":"follow","max-snippet":"max-snippet:-1","max-image-preview":"max-image-preview:large","max-video-preview":"max-video-preview:-1"},"canonical":"https:\/\/foodlabelmaker.com\/fr-ca\/engager-expert-etiquetage-complements-alimentaires\/","og_locale":"fr_CA","og_type":"article","og_title":"Engagez un expert en \u00e9tiquetage de suppl\u00e9ments","og_description":"Obtenez des panels d\u2019informations sur les suppl\u00e9ments conformes \u00e0 la FDA aupr\u00e8s de nutritionnistes certifi\u00e9s. Nous traitons les formules, les d\u00e9clarations d\u2019ingr\u00e9dients et les allerg\u00e8nes pour assurer une pr\u00e9cision de 100% en 1 \u00e0 3 jours.","og_url":"https:\/\/foodlabelmaker.com\/fr-ca\/engager-expert-etiquetage-complements-alimentaires\/","og_site_name":"Food Label Maker","article_publisher":"https:\/\/www.facebook.com\/foodlabelmaker\/","article_modified_time":"2026-04-16T09:27:22+00:00","og_image":[{"width":1200,"height":675,"url":"https:\/\/foodlabelmaker.com\/wp-content\/uploads\/2023\/10\/foodlabelmaker-preview-img.webp","type":"image\/webp"}],"twitter_card":"summary_large_image","schema":{"@context":"https:\/\/schema.org","@graph":[{"@type":"WebPage","@id":"https:\/\/foodlabelmaker.com\/fr-ca\/engager-expert-etiquetage-complements-alimentaires\/","url":"https:\/\/foodlabelmaker.com\/fr-ca\/engager-expert-etiquetage-complements-alimentaires\/","name":"Engagez un expert en \u00e9tiquetage de suppl\u00e9ments | Panels de faits conformes \u00e0 la FDA","isPartOf":{"@id":"https:\/\/foodlabelmaker.com\/fr-ca\/#website"},"datePublished":"2026-04-16T09:24:05+00:00","dateModified":"2026-04-16T09:27:22+00:00","description":"Obtenez des panels d\u2019informations sur les suppl\u00e9ments conformes \u00e0 la FDA aupr\u00e8s de nutritionnistes certifi\u00e9s. Nous traitons les formules, les d\u00e9clarations d\u2019ingr\u00e9dients et les allerg\u00e8nes pour assurer une pr\u00e9cision de 100% en 1 \u00e0 3 jours.","breadcrumb":{"@id":"https:\/\/foodlabelmaker.com\/fr-ca\/engager-expert-etiquetage-complements-alimentaires\/#breadcrumb"},"inLanguage":"fr-CA","potentialAction":[{"@type":"ReadAction","target":["https:\/\/foodlabelmaker.com\/fr-ca\/engager-expert-etiquetage-complements-alimentaires\/"]}]},{"@type":"BreadcrumbList","@id":"https:\/\/foodlabelmaker.com\/fr-ca\/engager-expert-etiquetage-complements-alimentaires\/#breadcrumb","itemListElement":[{"@type":"ListItem","position":1,"name":"Accueil","item":"https:\/\/foodlabelmaker.com\/fr-ca\/"},{"@type":"ListItem","position":2,"name":"Engagez un expert en \u00e9tiquetage de suppl\u00e9ments"}]},{"@type":"WebSite","@id":"https:\/\/foodlabelmaker.com\/fr-ca\/#website","url":"https:\/\/foodlabelmaker.com\/fr-ca\/","name":"Food Label Maker","description":"","potentialAction":[{"@type":"SearchAction","target":{"@type":"EntryPoint","urlTemplate":"https:\/\/foodlabelmaker.com\/fr-ca\/?s={search_term_string}"},"query-input":{"@type":"PropertyValueSpecification","valueRequired":true,"valueName":"search_term_string"}}],"inLanguage":"fr-CA"}]}},"_links":{"self":[{"href":"https:\/\/foodlabelmaker.com\/fr-ca\/wp-json\/wp\/v2\/pages\/20044","targetHints":{"allow":["GET"]}}],"collection":[{"href":"https:\/\/foodlabelmaker.com\/fr-ca\/wp-json\/wp\/v2\/pages"}],"about":[{"href":"https:\/\/foodlabelmaker.com\/fr-ca\/wp-json\/wp\/v2\/types\/page"}],"author":[{"embeddable":true,"href":"https:\/\/foodlabelmaker.com\/fr-ca\/wp-json\/wp\/v2\/users\/1"}],"replies":[{"embeddable":true,"href":"https:\/\/foodlabelmaker.com\/fr-ca\/wp-json\/wp\/v2\/comments?post=20044"}],"version-history":[{"count":4,"href":"https:\/\/foodlabelmaker.com\/fr-ca\/wp-json\/wp\/v2\/pages\/20044\/revisions"}],"predecessor-version":[{"id":20051,"href":"https:\/\/foodlabelmaker.com\/fr-ca\/wp-json\/wp\/v2\/pages\/20044\/revisions\/20051"}],"wp:attachment":[{"href":"https:\/\/foodlabelmaker.com\/fr-ca\/wp-json\/wp\/v2\/media?parent=20044"}],"curies":[{"name":"wp","href":"https:\/\/api.w.org\/{rel}","templated":true}]}}