{"id":13628,"date":"2025-06-06T08:25:15","date_gmt":"2025-06-06T08:25:15","guid":{"rendered":"https:\/\/foodlabelmaker.com\/restaurant-nutrition-analysis\/"},"modified":"2025-12-18T09:11:49","modified_gmt":"2025-12-18T09:11:49","slug":"analyse-nutritionnelle-pour-les-restaurants","status":"publish","type":"page","link":"https:\/\/foodlabelmaker.com\/fr-ca\/analyse-nutritionnelle-pour-les-restaurants\/","title":{"rendered":"Analyse nutritionnelle des menus de restaurants par des experts"},"content":{"rendered":"","protected":false},"excerpt":{"rendered":"","protected":false},"author":1,"featured_media":0,"parent":0,"menu_order":0,"comment_status":"closed","ping_status":"closed","template":"page-templates\/landing-restaurant.php","meta":{"_acf_changed":false,"footnotes":""},"class_list":["post-13628","page","type-page","status-publish","hentry"],"acf":[],"yoast_head":"<!-- This site is optimized with the Yoast SEO Premium plugin v22.8 (Yoast SEO v27.3) - https:\/\/yoast.com\/product\/yoast-seo-premium-wordpress\/ -->\n<title>Analyse nutritionnelle pour restaurants et logiciel de menus<\/title>\n<meta name=\"description\" content=\"Cr\u00e9ez des comptes de calories et valeurs nutritives pr\u00e9cis pour votre menu. Logiciel facile \u00e0 utiliser pour la conformit\u00e9 et l&#039;ing\u00e9nierie de menus sains.\" \/>\n<meta name=\"robots\" content=\"index, follow, max-snippet:-1, max-image-preview:large, max-video-preview:-1\" \/>\n<link rel=\"canonical\" href=\"https:\/\/foodlabelmaker.com\/fr-ca\/analyse-nutritionnelle-pour-les-restaurants\/\" \/>\n<meta property=\"og:locale\" content=\"fr_CA\" \/>\n<meta property=\"og:type\" content=\"article\" \/>\n<meta property=\"og:title\" content=\"Analyse nutritionnelle des menus de restaurants par des experts\" \/>\n<meta property=\"og:description\" content=\"Cr\u00e9ez des comptes de calories et valeurs nutritives pr\u00e9cis pour votre menu. Logiciel facile \u00e0 utiliser pour la conformit\u00e9 et l&#039;ing\u00e9nierie de menus sains.\" \/>\n<meta property=\"og:url\" content=\"https:\/\/foodlabelmaker.com\/fr-ca\/analyse-nutritionnelle-pour-les-restaurants\/\" \/>\n<meta property=\"og:site_name\" content=\"Food Label Maker\" \/>\n<meta property=\"article:publisher\" content=\"https:\/\/www.facebook.com\/foodlabelmaker\/\" \/>\n<meta property=\"article:modified_time\" content=\"2025-12-18T09:11:49+00:00\" \/>\n<meta property=\"og:image\" content=\"https:\/\/foodlabelmaker.com\/wp-content\/uploads\/2023\/10\/foodlabelmaker-preview-img.webp\" \/>\n\t<meta property=\"og:image:width\" content=\"1200\" \/>\n\t<meta property=\"og:image:height\" content=\"675\" \/>\n\t<meta property=\"og:image:type\" content=\"image\/webp\" \/>\n<meta name=\"twitter:card\" content=\"summary_large_image\" \/>\n<script type=\"application\/ld+json\" class=\"yoast-schema-graph\">{\"@context\":\"https:\\\/\\\/schema.org\",\"@graph\":[{\"@type\":\"WebPage\",\"@id\":\"https:\\\/\\\/foodlabelmaker.com\\\/fr-ca\\\/analyse-nutritionnelle-pour-les-restaurants\\\/\",\"url\":\"https:\\\/\\\/foodlabelmaker.com\\\/fr-ca\\\/analyse-nutritionnelle-pour-les-restaurants\\\/\",\"name\":\"Analyse nutritionnelle pour restaurants et logiciel de menus\",\"isPartOf\":{\"@id\":\"https:\\\/\\\/foodlabelmaker.com\\\/fr-ca\\\/#website\"},\"datePublished\":\"2025-06-06T08:25:15+00:00\",\"dateModified\":\"2025-12-18T09:11:49+00:00\",\"description\":\"Cr\u00e9ez des comptes de calories et valeurs nutritives pr\u00e9cis pour votre menu. Logiciel facile \u00e0 utiliser pour la conformit\u00e9 et l'ing\u00e9nierie de menus sains.\",\"breadcrumb\":{\"@id\":\"https:\\\/\\\/foodlabelmaker.com\\\/fr-ca\\\/analyse-nutritionnelle-pour-les-restaurants\\\/#breadcrumb\"},\"inLanguage\":\"fr-CA\",\"potentialAction\":[{\"@type\":\"ReadAction\",\"target\":[\"https:\\\/\\\/foodlabelmaker.com\\\/fr-ca\\\/analyse-nutritionnelle-pour-les-restaurants\\\/\"]}]},{\"@type\":\"BreadcrumbList\",\"@id\":\"https:\\\/\\\/foodlabelmaker.com\\\/fr-ca\\\/analyse-nutritionnelle-pour-les-restaurants\\\/#breadcrumb\",\"itemListElement\":[{\"@type\":\"ListItem\",\"position\":1,\"name\":\"Accueil\",\"item\":\"https:\\\/\\\/foodlabelmaker.com\\\/fr-ca\\\/\"},{\"@type\":\"ListItem\",\"position\":2,\"name\":\"Analyse nutritionnelle des menus de restaurants par des experts\"}]},{\"@type\":\"WebSite\",\"@id\":\"https:\\\/\\\/foodlabelmaker.com\\\/fr-ca\\\/#website\",\"url\":\"https:\\\/\\\/foodlabelmaker.com\\\/fr-ca\\\/\",\"name\":\"Food Label Maker\",\"description\":\"\",\"potentialAction\":[{\"@type\":\"SearchAction\",\"target\":{\"@type\":\"EntryPoint\",\"urlTemplate\":\"https:\\\/\\\/foodlabelmaker.com\\\/fr-ca\\\/?s={search_term_string}\"},\"query-input\":{\"@type\":\"PropertyValueSpecification\",\"valueRequired\":true,\"valueName\":\"search_term_string\"}}],\"inLanguage\":\"fr-CA\"}]}<\/script>\n<!-- \/ Yoast SEO Premium plugin. -->","yoast_head_json":{"title":"Analyse nutritionnelle pour restaurants et logiciel de menus","description":"Cr\u00e9ez des comptes de calories et valeurs nutritives pr\u00e9cis pour votre menu. Logiciel facile \u00e0 utiliser pour la conformit\u00e9 et l'ing\u00e9nierie de menus sains.","robots":{"index":"index","follow":"follow","max-snippet":"max-snippet:-1","max-image-preview":"max-image-preview:large","max-video-preview":"max-video-preview:-1"},"canonical":"https:\/\/foodlabelmaker.com\/fr-ca\/analyse-nutritionnelle-pour-les-restaurants\/","og_locale":"fr_CA","og_type":"article","og_title":"Analyse nutritionnelle des menus de restaurants par des experts","og_description":"Cr\u00e9ez des comptes de calories et valeurs nutritives pr\u00e9cis pour votre menu. Logiciel facile \u00e0 utiliser pour la conformit\u00e9 et l'ing\u00e9nierie de menus sains.","og_url":"https:\/\/foodlabelmaker.com\/fr-ca\/analyse-nutritionnelle-pour-les-restaurants\/","og_site_name":"Food Label Maker","article_publisher":"https:\/\/www.facebook.com\/foodlabelmaker\/","article_modified_time":"2025-12-18T09:11:49+00:00","og_image":[{"width":1200,"height":675,"url":"https:\/\/foodlabelmaker.com\/wp-content\/uploads\/2023\/10\/foodlabelmaker-preview-img.webp","type":"image\/webp"}],"twitter_card":"summary_large_image","schema":{"@context":"https:\/\/schema.org","@graph":[{"@type":"WebPage","@id":"https:\/\/foodlabelmaker.com\/fr-ca\/analyse-nutritionnelle-pour-les-restaurants\/","url":"https:\/\/foodlabelmaker.com\/fr-ca\/analyse-nutritionnelle-pour-les-restaurants\/","name":"Analyse nutritionnelle pour restaurants et logiciel de menus","isPartOf":{"@id":"https:\/\/foodlabelmaker.com\/fr-ca\/#website"},"datePublished":"2025-06-06T08:25:15+00:00","dateModified":"2025-12-18T09:11:49+00:00","description":"Cr\u00e9ez des comptes de calories et valeurs nutritives pr\u00e9cis pour votre menu. Logiciel facile \u00e0 utiliser pour la conformit\u00e9 et l'ing\u00e9nierie de menus sains.","breadcrumb":{"@id":"https:\/\/foodlabelmaker.com\/fr-ca\/analyse-nutritionnelle-pour-les-restaurants\/#breadcrumb"},"inLanguage":"fr-CA","potentialAction":[{"@type":"ReadAction","target":["https:\/\/foodlabelmaker.com\/fr-ca\/analyse-nutritionnelle-pour-les-restaurants\/"]}]},{"@type":"BreadcrumbList","@id":"https:\/\/foodlabelmaker.com\/fr-ca\/analyse-nutritionnelle-pour-les-restaurants\/#breadcrumb","itemListElement":[{"@type":"ListItem","position":1,"name":"Accueil","item":"https:\/\/foodlabelmaker.com\/fr-ca\/"},{"@type":"ListItem","position":2,"name":"Analyse nutritionnelle des menus de restaurants par des experts"}]},{"@type":"WebSite","@id":"https:\/\/foodlabelmaker.com\/fr-ca\/#website","url":"https:\/\/foodlabelmaker.com\/fr-ca\/","name":"Food Label Maker","description":"","potentialAction":[{"@type":"SearchAction","target":{"@type":"EntryPoint","urlTemplate":"https:\/\/foodlabelmaker.com\/fr-ca\/?s={search_term_string}"},"query-input":{"@type":"PropertyValueSpecification","valueRequired":true,"valueName":"search_term_string"}}],"inLanguage":"fr-CA"}]}},"_links":{"self":[{"href":"https:\/\/foodlabelmaker.com\/fr-ca\/wp-json\/wp\/v2\/pages\/13628","targetHints":{"allow":["GET"]}}],"collection":[{"href":"https:\/\/foodlabelmaker.com\/fr-ca\/wp-json\/wp\/v2\/pages"}],"about":[{"href":"https:\/\/foodlabelmaker.com\/fr-ca\/wp-json\/wp\/v2\/types\/page"}],"author":[{"embeddable":true,"href":"https:\/\/foodlabelmaker.com\/fr-ca\/wp-json\/wp\/v2\/users\/1"}],"replies":[{"embeddable":true,"href":"https:\/\/foodlabelmaker.com\/fr-ca\/wp-json\/wp\/v2\/comments?post=13628"}],"version-history":[{"count":2,"href":"https:\/\/foodlabelmaker.com\/fr-ca\/wp-json\/wp\/v2\/pages\/13628\/revisions"}],"predecessor-version":[{"id":15547,"href":"https:\/\/foodlabelmaker.com\/fr-ca\/wp-json\/wp\/v2\/pages\/13628\/revisions\/15547"}],"wp:attachment":[{"href":"https:\/\/foodlabelmaker.com\/fr-ca\/wp-json\/wp\/v2\/media?parent=13628"}],"curies":[{"name":"wp","href":"https:\/\/api.w.org\/{rel}","templated":true}]}}